{"id":2,"date":"2019-12-12T02:45:15","date_gmt":"2019-12-12T02:45:15","guid":{"rendered":"https:\/\/mealwormmachine.com\/?page_id=2"},"modified":"2024-04-22T17:13:24","modified_gmt":"2024-04-22T09:13:24","slug":"home-page","status":"publish","type":"page","link":"https:\/\/mealwormmachine.com\/es\/","title":{"rendered":"P\u00e1gina principal"},"content":{"rendered":"<div data-elementor-type=\"wp-page\" data-elementor-id=\"2\" class=\"elementor elementor-2\" data-elementor-post-type=\"page\"> \t\t\t\t<div class=\"elementor-element elementor-element-cd2a007 e-con-full e-flex e-con e-parent\" data-id=\"cd2a007\" data-element_type=\"container\" data-e-type=\"container\" data-settings=\"{&quot;background_background&quot;:&quot;classic&quot;,&quot;shape_divider_bottom&quot;:&quot;arrow&quot;,&quot;shape_divider_bottom_negative&quot;:&quot;yes&quot;}\"> \t\t\t\t<div class=\"elementor-shape elementor-shape-bottom\" aria-hidden=\"true\" data-negative=\"true\"> \t\t\t<svg xmlns=\"http:\/\/www.w3.org\/2000\/svg\" viewbox=\"0 0 700 10\" preserveaspectratio=\"none\"> \t<path class=\"elementor-shape-fill\" d=\"M360 0L350 9.9 340 0 0 0 0 10 700 10 700 0\"\/> <\/svg>\t\t<\/div> \t\t\t\t<div class=\"elementor-element elementor-element-a1a1ca6 elementor-widget elementor-widget-heading\" data-id=\"a1a1ca6\" data-element_type=\"widget\" data-e-type=\"widget\" data-widget_type=\"heading.default\"> \t\t\t\t<div class=\"elementor-widget-container\"> \t\t\t\t\t<h1 class=\"elementor-heading-title elementor-size-default\">Fabricante y proveedor profesional de m\u00e1quinas procesadoras de gusanos de harina<\/h1>\t\t\t\t<\/div> \t\t\t\t<\/div> \t\t\t\t<\/div> \t\t<div class=\"elementor-element elementor-element-4a87cf8 e-flex e-con-boxed e-con e-parent\" data-id=\"4a87cf8\" data-element_type=\"container\" data-e-type=\"container\" data-settings=\"{&quot;background_background&quot;:&quot;classic&quot;}\"> \t\t\t\t\t<div class=\"e-con-inner\"> \t\t\t\t<div class=\"elementor-element elementor-element-622b513 elementor-widget elementor-widget-heading\" data-id=\"622b513\" data-element_type=\"widget\" data-e-type=\"widget\" data-widget_type=\"heading.default\"> \t\t\t\t<div class=\"elementor-widget-container\"> \t\t\t\t\t<h3 class=\"elementor-heading-title elementor-size-large\">Equipo pr\u00e1ctico para criadores de lombrices comerciales<\/h3>\t\t\t\t<\/div> \t\t\t\t<\/div> \t\t\t\t<div class=\"elementor-element elementor-element-cb83707 elementor-align-center elementor-mobile-align-center elementor-widget elementor-widget-button\" data-id=\"cb83707\" data-element_type=\"widget\" data-e-type=\"widget\" data-widget_type=\"button.default\"> \t\t\t\t<div class=\"elementor-widget-container\"> \t\t\t\t\t\t\t\t\t<div class=\"elementor-button-wrapper\"> \t\t\t\t\t<a class=\"elementor-button elementor-button-link elementor-size-md\" href=\"https:\/\/mealwormmachine.com\/es\/mealworm\/\"> \t\t\t\t\t\t<span class=\"elementor-button-content-wrapper\"> \t\t\t\t\t\t<span class=\"elementor-button-icon\"> \t\t\t\t<svg aria-hidden=\"true\" class=\"e-font-icon-svg e-fas-angle-double-right\" viewbox=\"0 0 448 512\" xmlns=\"http:\/\/www.w3.org\/2000\/svg\"><path d=\"M224.3 273l-136 136c-9.4 9.4-24.6 9.4-33.9 0l-22.6-22.6c-9.4-9.4-9.4-24.6 0-33.9l96.4-96.4-96.4-96.4c-9.4-9.4-9.4-24.6 0-33.9L54.3 103c9.4-9.4 24.6-9.4 33.9 0l136 136c9.5 9.4 9.5 24.6.1 34zm192-34l-136-136c-9.4-9.4-24.6-9.4-33.9 0l-22.6 22.6c-9.4 9.4-9.4 24.6 0 33.9l96.4 96.4-96.4 96.4c-9.4 9.4-9.4 24.6 0 33.9l22.6 22.6c9.4 9.4 24.6 9.4 33.9 0l136-136c9.4-9.2 9.4-24.4 0-33.8z\"><\/path><\/svg>\t\t\t<\/span> \t\t\t\t\t\t\t\t\t<span class=\"elementor-button-text\">Detalles<\/span> \t\t\t\t\t<\/span> \t\t\t\t\t<\/a> \t\t\t\t<\/div> \t\t\t\t\t\t\t\t<\/div> \t\t\t\t<\/div> \t\t\t\t\t<\/div> \t\t\t\t<\/div> \t\t<div class=\"elementor-element elementor-element-10d74a1 e-flex e-con-boxed e-con e-parent\" data-id=\"10d74a1\" data-element_type=\"container\" data-e-type=\"container\"> \t\t\t\t\t<div class=\"e-con-inner\"> \t\t<div class=\"elementor-element elementor-element-d84285f e-con-full e-flex e-con e-child\" data-id=\"d84285f\" data-element_type=\"container\" data-e-type=\"container\"> \t\t\t\t<div class=\"elementor-element elementor-element-4fc62d0 elementor-widget elementor-widget-heading\" data-id=\"4fc62d0\" data-element_type=\"widget\" data-e-type=\"widget\" data-widget_type=\"heading.default\"> \t\t\t\t<div class=\"elementor-widget-container\"> \t\t\t\t\t<h3 class=\"elementor-heading-title elementor-size-default\">\u00bfQu\u00e9 es la m\u00e1quina separadora de gusanos de la harina?<\/h3>\t\t\t\t<\/div> \t\t\t\t<\/div> \t\t\t\t<div class=\"elementor-element elementor-element-f17802c elementor-widget elementor-widget-text-editor\" data-id=\"f17802c\" data-element_type=\"widget\" data-e-type=\"widget\" data-widget_type=\"text-editor.default\"> \t\t\t\t<div class=\"elementor-widget-container\"> \t\t\t\t\t\t\t\t\t<p>El separador de gusanos de la harina (m\u00e1quina de detecci\u00f3n de larvas de gusanos) est\u00e1 dise\u00f1ado para separar los gusanos de la harina limpios de la masa de gusanos y separar los gusanos muertos y da\u00f1ados, las pieles de los gusanos, los excrementos de los gusanos y otros desechos con alta eficiencia.<\/p>\t\t\t\t\t\t\t\t<\/div> \t\t\t\t<\/div> \t\t\t\t<div class=\"elementor-element elementor-element-7c8fff8 elementor-align-left elementor-mobile-align-center elementor-widget elementor-widget-button\" data-id=\"7c8fff8\" data-element_type=\"widget\" data-e-type=\"widget\" data-widget_type=\"button.default\"> \t\t\t\t<div class=\"elementor-widget-container\"> \t\t\t\t\t\t\t\t\t<div class=\"elementor-button-wrapper\"> \t\t\t\t\t<a class=\"elementor-button elementor-button-link elementor-size-md\" href=\"https:\/\/mealwormmachine.com\/es\/mealworm-separating-machine-manufacturer\/\"> \t\t\t\t\t\t<span class=\"elementor-button-content-wrapper\"> \t\t\t\t\t\t<span class=\"elementor-button-icon\"> \t\t\t\t<svg aria-hidden=\"true\" class=\"e-font-icon-svg e-fas-angle-double-right\" viewbox=\"0 0 448 512\" xmlns=\"http:\/\/www.w3.org\/2000\/svg\"><path d=\"M224.3 273l-136 136c-9.4 9.4-24.6 9.4-33.9 0l-22.6-22.6c-9.4-9.4-9.4-24.6 0-33.9l96.4-96.4-96.4-96.4c-9.4-9.4-9.4-24.6 0-33.9L54.3 103c9.4-9.4 24.6-9.4 33.9 0l136 136c9.5 9.4 9.5 24.6.1 34zm192-34l-136-136c-9.4-9.4-24.6-9.4-33.9 0l-22.6 22.6c-9.4 9.4-9.4 24.6 0 33.9l96.4 96.4-96.4 96.4c-9.4 9.4-9.4 24.6 0 33.9l22.6 22.6c9.4 9.4 24.6 9.4 33.9 0l136-136c9.4-9.2 9.4-24.4 0-33.8z\"><\/path><\/svg>\t\t\t<\/span> \t\t\t\t\t\t\t\t\t<span class=\"elementor-button-text\">M\u00e1quina de cribado de gusanos de harina Shuliy<\/span> \t\t\t\t\t<\/span> \t\t\t\t\t<\/a> \t\t\t\t<\/div> \t\t\t\t\t\t\t\t<\/div> \t\t\t\t<\/div> \t\t\t\t<\/div> \t\t<div class=\"elementor-element elementor-element-9c13e11 e-con-full e-flex e-con e-child\" data-id=\"9c13e11\" data-element_type=\"container\" data-e-type=\"container\"> \t\t\t\t<div class=\"elementor-element elementor-element-e60bc02 elementor-widget elementor-widget-image\" data-id=\"e60bc02\" data-element_type=\"widget\" data-e-type=\"widget\" data-widget_type=\"image.default\"> \t\t\t\t<div class=\"elementor-widget-container\"> \t\t\t\t\t\t\t\t\t\t\t\t\t\t\t<img fetchpriority=\"high\" decoding=\"async\" width=\"720\" height=\"540\" src=\"https:\/\/mealwormmachine.com\/wp-content\/uploads\/2019\/12\/commercial-mealworm-separating-machine-for-sale.jpg\" class=\"attachment-full size-full wp-image-246\" alt=\"M\u00e1quina separadora de gusanos de harina comercial a la venta\" srcset=\"https:\/\/mealwormmachine.com\/wp-content\/uploads\/2019\/12\/commercial-mealworm-separating-machine-for-sale.jpg 720w, https:\/\/mealwormmachine.com\/wp-content\/uploads\/2019\/12\/commercial-mealworm-separating-machine-for-sale-300x225.jpg 300w\" sizes=\"(max-width: 720px) 100vw, 720px\" title=\"\">\t\t\t\t\t\t\t\t\t\t\t\t\t\t\t<\/div> \t\t\t\t<\/div> \t\t\t\t<\/div> \t\t\t\t\t<\/div> \t\t\t\t<\/div> \t\t<div class=\"elementor-element elementor-element-86806bf e-flex e-con-boxed e-con e-parent\" data-id=\"86806bf\" data-element_type=\"container\" data-e-type=\"container\"> \t\t\t\t\t<div class=\"e-con-inner\"> \t\t<div class=\"elementor-element elementor-element-bad055b e-con-full e-flex e-con e-child\" data-id=\"bad055b\" data-element_type=\"container\" data-e-type=\"container\"> \t\t\t\t<div class=\"elementor-element elementor-element-db7141c elementor-widget elementor-widget-image\" data-id=\"db7141c\" data-element_type=\"widget\" data-e-type=\"widget\" data-widget_type=\"image.default\"> \t\t\t\t<div class=\"elementor-widget-container\"> \t\t\t\t\t\t\t\t\t\t\t\t\t\t\t<img decoding=\"async\" width=\"720\" height=\"540\" src=\"https:\/\/mealwormmachine.com\/wp-content\/uploads\/2019\/12\/mealworm-sorting-machine-manufacturer.jpg\" class=\"attachment-full size-full wp-image-247\" alt=\"fabricante de m\u00e1quinas clasificadoras de gusanos de harina\" srcset=\"https:\/\/mealwormmachine.com\/wp-content\/uploads\/2019\/12\/mealworm-sorting-machine-manufacturer.jpg 720w, https:\/\/mealwormmachine.com\/wp-content\/uploads\/2019\/12\/mealworm-sorting-machine-manufacturer-300x225.jpg 300w\" sizes=\"(max-width: 720px) 100vw, 720px\" title=\"\">\t\t\t\t\t\t\t\t\t\t\t\t\t\t\t<\/div> \t\t\t\t<\/div> \t\t\t\t<\/div> \t\t<div class=\"elementor-element elementor-element-6789c40 e-con-full e-flex e-con e-child\" data-id=\"6789c40\" data-element_type=\"container\" data-e-type=\"container\"> \t\t\t\t<div class=\"elementor-element elementor-element-56a20bd elementor-widget elementor-widget-heading\" data-id=\"56a20bd\" data-element_type=\"widget\" data-e-type=\"widget\" data-widget_type=\"heading.default\"> \t\t\t\t<div class=\"elementor-widget-container\"> \t\t\t\t\t<h3 class=\"elementor-heading-title elementor-size-default\">\u00bfPor qu\u00e9 elegir las m\u00e1quinas cribadoras de gusanos de harina Shuliy?<\/h3>\t\t\t\t<\/div> \t\t\t\t<\/div> \t\t\t\t<div class=\"elementor-element elementor-element-453b30e elementor-widget elementor-widget-text-editor\" data-id=\"453b30e\" data-element_type=\"widget\" data-e-type=\"widget\" data-widget_type=\"text-editor.default\"> \t\t\t\t<div class=\"elementor-widget-container\"> \t\t\t\t\t\t\t\t\t<p>Con la investigaci\u00f3n, innovaci\u00f3n y optimizaci\u00f3n continuas de la maquinaria de cultivo y procesamiento de gusanos de la harina (Tenebrio Molitor), nuestra tecnolog\u00eda de fabricaci\u00f3n de m\u00e1quinas cribadoras ha madurado. Nuestra m\u00e1quina separadora de gusanos de harina ha ganado elogios de clientes de todo el mundo, ha creado enormes beneficios econ\u00f3micos para su industria de cr\u00eda y ha promovido el desarrollo econ\u00f3mico local de los usuarios.<\/p>\t\t\t\t\t\t\t\t<\/div> \t\t\t\t<\/div> \t\t\t\t<div class=\"elementor-element elementor-element-a4175b6 elementor-align-left elementor-mobile-align-center elementor-widget elementor-widget-button\" data-id=\"a4175b6\" data-element_type=\"widget\" data-e-type=\"widget\" data-widget_type=\"button.default\"> \t\t\t\t<div class=\"elementor-widget-container\"> \t\t\t\t\t\t\t\t\t<div class=\"elementor-button-wrapper\"> \t\t\t\t\t<a class=\"elementor-button elementor-button-link elementor-size-md\" href=\"https:\/\/mealwormmachine.com\/es\/about\/\"> \t\t\t\t\t\t<span class=\"elementor-button-content-wrapper\"> \t\t\t\t\t\t<span class=\"elementor-button-icon\"> \t\t\t\t<svg aria-hidden=\"true\" class=\"e-font-icon-svg e-fas-angle-double-right\" viewbox=\"0 0 448 512\" xmlns=\"http:\/\/www.w3.org\/2000\/svg\"><path d=\"M224.3 273l-136 136c-9.4 9.4-24.6 9.4-33.9 0l-22.6-22.6c-9.4-9.4-9.4-24.6 0-33.9l96.4-96.4-96.4-96.4c-9.4-9.4-9.4-24.6 0-33.9L54.3 103c9.4-9.4 24.6-9.4 33.9 0l136 136c9.5 9.4 9.5 24.6.1 34zm192-34l-136-136c-9.4-9.4-24.6-9.4-33.9 0l-22.6 22.6c-9.4 9.4-9.4 24.6 0 33.9l96.4 96.4-96.4 96.4c-9.4 9.4-9.4 24.6 0 33.9l22.6 22.6c9.4 9.4 24.6 9.4 33.9 0l136-136c9.4-9.2 9.4-24.4 0-33.8z\"><\/path><\/svg>\t\t\t<\/span> \t\t\t\t\t\t\t\t\t<span class=\"elementor-button-text\">Leer m\u00e1s<\/span> \t\t\t\t\t<\/span> \t\t\t\t\t<\/a> \t\t\t\t<\/div> \t\t\t\t\t\t\t\t<\/div> \t\t\t\t<\/div> \t\t\t\t<\/div> \t\t\t\t\t<\/div> \t\t\t\t<\/div> \t\t<div class=\"elementor-element elementor-element-dac4b15 e-flex e-con-boxed e-con e-parent\" data-id=\"dac4b15\" data-element_type=\"container\" data-e-type=\"container\"> \t\t\t\t\t<div class=\"e-con-inner\"> \t\t<div class=\"elementor-element elementor-element-c58a439 e-con-full e-flex e-con e-child\" data-id=\"c58a439\" data-element_type=\"container\" data-e-type=\"container\"> \t\t\t\t<div class=\"elementor-element elementor-element-e79687f elementor-widget elementor-widget-heading\" data-id=\"e79687f\" data-element_type=\"widget\" data-e-type=\"widget\" data-widget_type=\"heading.default\"> \t\t\t\t<div class=\"elementor-widget-container\"> \t\t\t\t\t<h3 class=\"elementor-heading-title elementor-size-default\">Acerca de Shuliy Maquinaria<\/h3>\t\t\t\t<\/div> \t\t\t\t<\/div> \t\t\t\t<div class=\"elementor-element elementor-element-4d9baed elementor-widget elementor-widget-text-editor\" data-id=\"4d9baed\" data-element_type=\"widget\" data-e-type=\"widget\" data-widget_type=\"text-editor.default\"> \t\t\t\t<div class=\"elementor-widget-container\"> \t\t\t\t\t\t\t\t\t<p>Con m\u00e1s de 10 a\u00f1os de pr\u00e1ctica en la fabricaci\u00f3n de equipos comerciales de procesamiento y cr\u00eda de gusanos, la maquinaria Shuliy ha respaldado miles de m\u00e1quinas procesadoras de gusanos de harina en pa\u00edses nacionales y extranjeros, como Canad\u00e1, B\u00e9lgica, Alemania, Australia, EE. UU., Chile, Turqu\u00eda. Egipto, Jap\u00f3n, Corea del Sur, Nueva Zelanda, Noruega, Espa\u00f1a, etc.<\/p>\t\t\t\t\t\t\t\t<\/div> \t\t\t\t<\/div> \t\t\t\t<div class=\"elementor-element elementor-element-a50c061 elementor-align-left elementor-mobile-align-center elementor-widget elementor-widget-button\" data-id=\"a50c061\" data-element_type=\"widget\" data-e-type=\"widget\" data-widget_type=\"button.default\"> \t\t\t\t<div class=\"elementor-widget-container\"> \t\t\t\t\t\t\t\t\t<div class=\"elementor-button-wrapper\"> \t\t\t\t\t<a class=\"elementor-button elementor-button-link elementor-size-md\" href=\"https:\/\/mealwormmachine.com\/es\/about\/\"> \t\t\t\t\t\t<span class=\"elementor-button-content-wrapper\"> \t\t\t\t\t\t<span class=\"elementor-button-icon\"> \t\t\t\t<svg aria-hidden=\"true\" class=\"e-font-icon-svg e-fas-angle-double-right\" viewbox=\"0 0 448 512\" xmlns=\"http:\/\/www.w3.org\/2000\/svg\"><path d=\"M224.3 273l-136 136c-9.4 9.4-24.6 9.4-33.9 0l-22.6-22.6c-9.4-9.4-9.4-24.6 0-33.9l96.4-96.4-96.4-96.4c-9.4-9.4-9.4-24.6 0-33.9L54.3 103c9.4-9.4 24.6-9.4 33.9 0l136 136c9.5 9.4 9.5 24.6.1 34zm192-34l-136-136c-9.4-9.4-24.6-9.4-33.9 0l-22.6 22.6c-9.4 9.4-9.4 24.6 0 33.9l96.4 96.4-96.4 96.4c-9.4 9.4-9.4 24.6 0 33.9l22.6 22.6c9.4 9.4 24.6 9.4 33.9 0l136-136c9.4-9.2 9.4-24.4 0-33.8z\"><\/path><\/svg>\t\t\t<\/span> \t\t\t\t\t\t\t\t\t<span class=\"elementor-button-text\">M\u00e1s sobre Shuliy<\/span> \t\t\t\t\t<\/span> \t\t\t\t\t<\/a> \t\t\t\t<\/div> \t\t\t\t\t\t\t\t<\/div> \t\t\t\t<\/div> \t\t\t\t<\/div> \t\t<div class=\"elementor-element elementor-element-d7825c1 e-con-full e-flex e-con e-child\" data-id=\"d7825c1\" data-element_type=\"container\" data-e-type=\"container\"> \t\t\t\t<div class=\"elementor-element elementor-element-8f46104 elementor-widget elementor-widget-image\" data-id=\"8f46104\" data-element_type=\"widget\" data-e-type=\"widget\" data-widget_type=\"image.default\"> \t\t\t\t<div class=\"elementor-widget-container\"> \t\t\t\t\t\t\t\t\t\t\t\t\t\t\t<img decoding=\"async\" width=\"750\" height=\"579\" src=\"https:\/\/mealwormmachine.com\/wp-content\/uploads\/2019\/12\/Shuliy-Company.jpg\" class=\"attachment-large size-large wp-image-182\" alt=\"Compa\u00f1\u00eda Shuliy\" srcset=\"https:\/\/mealwormmachine.com\/wp-content\/uploads\/2019\/12\/Shuliy-Company.jpg 750w, https:\/\/mealwormmachine.com\/wp-content\/uploads\/2019\/12\/Shuliy-Company-300x232.jpg 300w\" sizes=\"(max-width: 750px) 100vw, 750px\" title=\"\">\t\t\t\t\t\t\t\t\t\t\t\t\t\t\t<\/div> \t\t\t\t<\/div> \t\t\t\t<\/div> \t\t\t\t\t<\/div> \t\t\t\t<\/div> \t\t<div class=\"elementor-element elementor-element-6699c87 e-flex e-con-boxed e-con e-parent\" data-id=\"6699c87\" data-element_type=\"container\" data-e-type=\"container\" data-settings=\"{&quot;background_background&quot;:&quot;video&quot;,&quot;shape_divider_bottom&quot;:&quot;arrow&quot;,&quot;shape_divider_bottom_negative&quot;:&quot;yes&quot;}\"> \t\t\t\t\t<div class=\"e-con-inner\"> \t\t\t\t<div class=\"elementor-shape elementor-shape-bottom\" aria-hidden=\"true\" data-negative=\"true\"> \t\t\t<svg xmlns=\"http:\/\/www.w3.org\/2000\/svg\" viewbox=\"0 0 700 10\" preserveaspectratio=\"none\"> \t<path class=\"elementor-shape-fill\" d=\"M360 0L350 9.9 340 0 0 0 0 10 700 10 700 0\"\/> <\/svg>\t\t<\/div> \t\t<div class=\"elementor-element elementor-element-179361f e-con-full e-flex e-con e-child\" data-id=\"179361f\" data-element_type=\"container\" data-e-type=\"container\"> \t\t\t\t<div class=\"elementor-element elementor-element-57b4184 elementor-widget elementor-widget-heading\" data-id=\"57b4184\" data-element_type=\"widget\" data-e-type=\"widget\" data-widget_type=\"heading.default\"> \t\t\t\t<div class=\"elementor-widget-container\"> \t\t\t\t\t<h3 class=\"elementor-heading-title elementor-size-default\">El mejor v\u00eddeo sobre el trabajo de la m\u00e1quina contra gusanos de la harina<\/h3>\t\t\t\t<\/div> \t\t\t\t<\/div> \t\t\t\t<div class=\"elementor-element elementor-element-d174332 elementor-widget elementor-widget-video\" data-id=\"d174332\" data-element_type=\"widget\" data-e-type=\"widget\" data-settings=\"{&quot;youtube_url&quot;:&quot;https:\\\/\\\/youtu.be\\\/AgUONw9oG64&quot;,&quot;video_type&quot;:&quot;youtube&quot;,&quot;controls&quot;:&quot;yes&quot;}\" data-widget_type=\"video.default\"> \t\t\t\t<div class=\"elementor-widget-container\"> \t\t\t\t\t\t\t<div class=\"elementor-wrapper elementor-open-inline\"> \t\t\t<div class=\"elementor-video\"><\/div>\t\t<\/div> \t\t\t\t\t\t<\/div> \t\t\t\t<\/div> \t\t\t\t<div class=\"elementor-element elementor-element-3311836 elementor-testimonial--skin-default elementor-testimonial--layout-image_inline elementor-testimonial--align-center elementor-arrows-yes elementor-pagination-type-bullets elementor-widget elementor-widget-testimonial-carousel\" data-id=\"3311836\" data-element_type=\"widget\" data-e-type=\"widget\" data-settings=\"{&quot;show_arrows&quot;:&quot;yes&quot;,&quot;pagination&quot;:&quot;bullets&quot;,&quot;speed&quot;:500,&quot;autoplay&quot;:&quot;yes&quot;,&quot;autoplay_speed&quot;:5000,&quot;loop&quot;:&quot;yes&quot;,&quot;pause_on_hover&quot;:&quot;yes&quot;,&quot;pause_on_interaction&quot;:&quot;yes&quot;,&quot;space_between&quot;:{&quot;unit&quot;:&quot;px&quot;,&quot;size&quot;:10,&quot;sizes&quot;:[]},&quot;space_between_tablet&quot;:{&quot;unit&quot;:&quot;px&quot;,&quot;size&quot;:10,&quot;sizes&quot;:[]},&quot;space_between_mobile&quot;:{&quot;unit&quot;:&quot;px&quot;,&quot;size&quot;:10,&quot;sizes&quot;:[]}}\" data-widget_type=\"testimonial-carousel.default\"> \t\t\t\t<div class=\"elementor-widget-container\"> \t\t\t\t\t\t\t\t\t<div class=\"elementor-swiper\"> \t\t\t\t\t<div class=\"elementor-main-swiper swiper\" role=\"region\" aria-roledescription=\"carousel\" aria-label=\"Toboganes\"> \t\t\t\t<div class=\"swiper-wrapper\"> \t\t\t\t\t\t\t\t\t\t\t<div class=\"swiper-slide\" role=\"group\" aria-roledescription=\"slide\"> \t\t\t\t\t\t\t\t\t<div class=\"elementor-testimonial\"> \t\t\t\t\t\t\t<div class=\"elementor-testimonial__content\"> \t\t\t\t\t<div class=\"elementor-testimonial__text\"> \t\t\t\t\t\tMaravillosa maquinaria Shuliy, gracias por guiarnos detalladamente sobre el uso del separador.\t\t\t\t\t<\/div> \t\t\t\t\t\t\t\t\t<\/div> \t\t\t\t\t\t<div class=\"elementor-testimonial__footer\"> \t\t\t\t\t\t\t\t\t<div class=\"elementor-testimonial__image\"> \t\t\t\t\t\t<img decoding=\"async\" src=\"https:\/\/mealwormmachine.com\/wp-content\/uploads\/2019\/12\/groomsman3.jpg\" alt=\"Michael Dallaire\" title=\"\"> \t\t\t\t\t\t\t\t\t\t\t<\/div> \t\t\t\t\t\t\t\t<cite class=\"elementor-testimonial__cite\"><span class=\"elementor-testimonial__name\">Michael Dallaire<\/span><span class=\"elementor-testimonial__title\">granjero de gusanos de harina<\/span><\/cite>\t\t\t<\/div> \t\t<\/div> \t\t\t\t\t\t\t\t<\/div> \t\t\t\t\t\t\t\t\t\t\t<div class=\"swiper-slide\" role=\"group\" aria-roledescription=\"slide\"> \t\t\t\t\t\t\t\t\t<div class=\"elementor-testimonial\"> \t\t\t\t\t\t\t<div class=\"elementor-testimonial__content\"> \t\t\t\t\t<div class=\"elementor-testimonial__text\"> \t\t\t\t\t\tLa cooperaci\u00f3n con Shuliy es muy agradable y sus vendedores son muy profesionales.\t\t\t\t\t<\/div> \t\t\t\t\t\t\t\t\t<\/div> \t\t\t\t\t\t<div class=\"elementor-testimonial__footer\"> \t\t\t\t\t\t\t\t\t<div class=\"elementor-testimonial__image\"> \t\t\t\t\t\t<img decoding=\"async\" src=\"https:\/\/mealwormmachine.com\/wp-content\/uploads\/2019\/12\/y10.png\" alt=\"Michael Nguyen\" title=\"\"> \t\t\t\t\t\t\t\t\t\t\t<\/div> \t\t\t\t\t\t\t\t<cite class=\"elementor-testimonial__cite\"><span class=\"elementor-testimonial__name\">Michael Nguyen<\/span><span class=\"elementor-testimonial__title\">Comerciantes<\/span><\/cite>\t\t\t<\/div> \t\t<\/div> \t\t\t\t\t\t\t\t<\/div> \t\t\t\t\t\t\t\t\t\t\t<div class=\"swiper-slide\" role=\"group\" aria-roledescription=\"slide\"> \t\t\t\t\t\t\t\t\t<div class=\"elementor-testimonial\"> \t\t\t\t\t\t\t<div class=\"elementor-testimonial__content\"> \t\t\t\t\t<div class=\"elementor-testimonial__text\"> \t\t\t\t\t\tSe han encargado a Shuliy grandes cantidades de m\u00e1quinas helicoidales. Han generado enormes beneficios para mi empresa.\t\t\t\t\t<\/div> \t\t\t\t\t\t\t\t\t<\/div> \t\t\t\t\t\t<div class=\"elementor-testimonial__footer\"> \t\t\t\t\t\t\t\t\t<div class=\"elementor-testimonial__image\"> \t\t\t\t\t\t<img decoding=\"async\" src=\"https:\/\/mealwormmachine.com\/wp-content\/uploads\/2019\/12\/mealworm-separator-buyer.jpg\" alt=\"juan leslie\" title=\"\"> \t\t\t\t\t\t\t\t\t\t\t<\/div> \t\t\t\t\t\t\t\t<cite class=\"elementor-testimonial__cite\"><span class=\"elementor-testimonial__name\">juan leslie<\/span><span class=\"elementor-testimonial__title\">granjero australiano<\/span><\/cite>\t\t\t<\/div> \t\t<\/div> \t\t\t\t\t\t\t\t<\/div> \t\t\t\t\t\t\t\t\t<\/div> \t\t\t\t\t\t\t\t\t\t\t\t\t\t\t<div class=\"elementor-swiper-button elementor-swiper-button-prev\" role=\"button\" tabindex=\"0\" aria-label=\"Anterior\"> \t\t\t\t\t\t\t<svg aria-hidden=\"true\" class=\"e-font-icon-svg e-eicon-chevron-left\" viewbox=\"0 0 1000 1000\" xmlns=\"http:\/\/www.w3.org\/2000\/svg\"><path d=\"M646 125C629 125 613 133 604 142L308 442C296 454 292 471 292 487 292 504 296 521 308 533L604 854C617 867 629 875 646 875 663 875 679 871 692 858 704 846 713 829 713 812 713 796 708 779 692 767L438 487 692 225C700 217 708 204 708 187 708 171 704 154 692 142 675 129 663 125 646 125Z\"><\/path><\/svg>\t\t\t\t\t\t<\/div> \t\t\t\t\t\t<div class=\"elementor-swiper-button elementor-swiper-button-next\" role=\"button\" tabindex=\"0\" aria-label=\"Pr\u00f3ximo\"> \t\t\t\t\t\t\t<svg aria-hidden=\"true\" class=\"e-font-icon-svg e-eicon-chevron-right\" viewbox=\"0 0 1000 1000\" xmlns=\"http:\/\/www.w3.org\/2000\/svg\"><path d=\"M696 533C708 521 713 504 713 487 713 471 708 454 696 446L400 146C388 133 375 125 354 125 338 125 325 129 313 142 300 154 292 171 292 187 292 204 296 221 308 233L563 492 304 771C292 783 288 800 288 817 288 833 296 850 308 863 321 871 338 875 354 875 371 875 388 867 400 854L696 533Z\"><\/path><\/svg>\t\t\t\t\t\t<\/div> \t\t\t\t\t\t\t\t\t\t\t\t\t\t\t\t<div class=\"swiper-pagination\"><\/div> \t\t\t\t\t\t\t\t\t\t\t\t<\/div> \t\t\t\t<\/div> \t\t\t\t\t\t\t\t<\/div> \t\t\t\t<\/div> \t\t\t\t<\/div> \t\t\t\t\t<\/div> \t\t\t\t<\/div> \t\t<div class=\"elementor-element elementor-element-69fd6d1 e-flex e-con-boxed e-con e-parent\" data-id=\"69fd6d1\" data-element_type=\"container\" data-e-type=\"container\" data-settings=\"{&quot;background_background&quot;:&quot;classic&quot;}\"> \t\t\t\t\t<div class=\"e-con-inner\"> \t\t\t\t<div class=\"elementor-element elementor-element-90f976e elementor-widget elementor-widget-heading\" data-id=\"90f976e\" data-element_type=\"widget\" data-e-type=\"widget\" data-widget_type=\"heading.default\"> \t\t\t\t<div class=\"elementor-widget-container\"> \t\t\t\t\t<h3 class=\"elementor-heading-title elementor-size-default\">Un buen separador de gusanos de la harina puede permitirle hacer m\u00e1s con menos.<\/h3>\t\t\t\t<\/div> \t\t\t\t<\/div> \t\t\t\t<div class=\"elementor-element elementor-element-c93550f elementor-align-right elementor-mobile-align-center elementor-widget elementor-widget-button\" data-id=\"c93550f\" data-element_type=\"widget\" data-e-type=\"widget\" data-widget_type=\"button.default\"> \t\t\t\t<div class=\"elementor-widget-container\"> \t\t\t\t\t\t\t\t\t<div class=\"elementor-button-wrapper\"> \t\t\t\t\t<a class=\"elementor-button elementor-button-link elementor-size-lg\" href=\"https:\/\/mealwormmachine.com\/es\/cs\/\"> \t\t\t\t\t\t<span class=\"elementor-button-content-wrapper\"> \t\t\t\t\t\t<span class=\"elementor-button-icon\"> \t\t\t\t<svg aria-hidden=\"true\" class=\"e-font-icon-svg e-fas-angle-double-right\" viewbox=\"0 0 448 512\" xmlns=\"http:\/\/www.w3.org\/2000\/svg\"><path d=\"M224.3 273l-136 136c-9.4 9.4-24.6 9.4-33.9 0l-22.6-22.6c-9.4-9.4-9.4-24.6 0-33.9l96.4-96.4-96.4-96.4c-9.4-9.4-9.4-24.6 0-33.9L54.3 103c9.4-9.4 24.6-9.4 33.9 0l136 136c9.5 9.4 9.5 24.6.1 34zm192-34l-136-136c-9.4-9.4-24.6-9.4-33.9 0l-22.6 22.6c-9.4 9.4-9.4 24.6 0 33.9l96.4 96.4-96.4 96.4c-9.4 9.4-9.4 24.6 0 33.9l22.6 22.6c9.4 9.4 24.6 9.4 33.9 0l136-136c9.4-9.2 9.4-24.4 0-33.8z\"><\/path><\/svg>\t\t\t<\/span> \t\t\t\t\t\t\t\t\t<span class=\"elementor-button-text\">Cont\u00e1ctenos<\/span> \t\t\t\t\t<\/span> \t\t\t\t\t<\/a> \t\t\t\t<\/div> \t\t\t\t\t\t\t\t<\/div> \t\t\t\t<\/div> \t\t\t\t\t<\/div> \t\t\t\t<\/div> \t\t\t\t<\/div>","protected":false},"excerpt":{"rendered":"<p>Professional Mealworm Processing Machine Manufacturer and Supplier Practical Equipment For Commodity Worm Breeders Details What is the mealworm separator machine? Mealworm separator(worm larvae screening machine) is designed for sorting out the clean mealworms from the bulks of worms and separating the dead and damaged worm, worm skins, worm droppings and other debris with high efficiency. [&hellip;]<\/p>\n","protected":false},"author":1,"featured_media":0,"parent":0,"menu_order":0,"comment_status":"closed","ping_status":"open","template":"elementor_header_footer","meta":{"footnotes":""},"class_list":["post-2","page","type-page","status-publish","hentry"],"_links":{"self":[{"href":"https:\/\/mealwormmachine.com\/es\/wp-json\/wp\/v2\/pages\/2","targetHints":{"allow":["GET"]}}],"collection":[{"href":"https:\/\/mealwormmachine.com\/es\/wp-json\/wp\/v2\/pages"}],"about":[{"href":"https:\/\/mealwormmachine.com\/es\/wp-json\/wp\/v2\/types\/page"}],"author":[{"embeddable":true,"href":"https:\/\/mealwormmachine.com\/es\/wp-json\/wp\/v2\/users\/1"}],"replies":[{"embeddable":true,"href":"https:\/\/mealwormmachine.com\/es\/wp-json\/wp\/v2\/comments?post=2"}],"version-history":[{"count":0,"href":"https:\/\/mealwormmachine.com\/es\/wp-json\/wp\/v2\/pages\/2\/revisions"}],"wp:attachment":[{"href":"https:\/\/mealwormmachine.com\/es\/wp-json\/wp\/v2\/media?parent=2"}],"curies":[{"name":"wp","href":"https:\/\/api.w.org\/{rel}","templated":true}]}}