{"id":2,"date":"2019-12-12T02:45:15","date_gmt":"2019-12-12T02:45:15","guid":{"rendered":"https:\/\/mealwormmachine.com\/?page_id=2"},"modified":"2024-04-22T17:13:24","modified_gmt":"2024-04-22T09:13:24","slug":"home-page","status":"publish","type":"page","link":"https:\/\/mealwormmachine.com\/tr\/","title":{"rendered":"Ana sayfa"},"content":{"rendered":"<div data-elementor-type=\"wp-page\" data-elementor-id=\"2\" class=\"elementor elementor-2\" data-elementor-post-type=\"page\"> \t\t\t\t<div class=\"elementor-element elementor-element-cd2a007 e-con-full e-flex e-con e-parent\" data-id=\"cd2a007\" data-element_type=\"container\" data-e-type=\"container\" data-settings=\"{&quot;background_background&quot;:&quot;classic&quot;,&quot;shape_divider_bottom&quot;:&quot;arrow&quot;,&quot;shape_divider_bottom_negative&quot;:&quot;yes&quot;}\"> \t\t\t\t<div class=\"elementor-shape elementor-shape-bottom\" aria-hidden=\"true\" data-negative=\"true\"> \t\t\t<svg xmlns=\"http:\/\/www.w3.org\/2000\/svg\" viewbox=\"0 0 700 10\" preserveaspectratio=\"none\"> \t<path class=\"elementor-shape-fill\" d=\"M360 0L350 9.9 340 0 0 0 0 10 700 10 700 0\"\/> <\/svg>\t\t<\/div> \t\t\t\t<div class=\"elementor-element elementor-element-a1a1ca6 elementor-widget elementor-widget-heading\" data-id=\"a1a1ca6\" data-element_type=\"widget\" data-e-type=\"widget\" data-widget_type=\"heading.default\"> \t\t\t\t<div class=\"elementor-widget-container\"> \t\t\t\t\t<h1 class=\"elementor-heading-title elementor-size-default\">Profesyonel Unkurdu \u0130\u015fleme Makinesi \u00dcreticisi ve Tedarik\u00e7isi<\/h1>\t\t\t\t<\/div> \t\t\t\t<\/div> \t\t\t\t<\/div> \t\t<div class=\"elementor-element elementor-element-4a87cf8 e-flex e-con-boxed e-con e-parent\" data-id=\"4a87cf8\" data-element_type=\"container\" data-e-type=\"container\" data-settings=\"{&quot;background_background&quot;:&quot;classic&quot;}\"> \t\t\t\t\t<div class=\"e-con-inner\"> \t\t\t\t<div class=\"elementor-element elementor-element-622b513 elementor-widget elementor-widget-heading\" data-id=\"622b513\" data-element_type=\"widget\" data-e-type=\"widget\" data-widget_type=\"heading.default\"> \t\t\t\t<div class=\"elementor-widget-container\"> \t\t\t\t\t<h3 class=\"elementor-heading-title elementor-size-large\">Ticari Solucan Yeti\u015ftiricileri \u0130\u00e7in Pratik Ekipmanlar<\/h3>\t\t\t\t<\/div> \t\t\t\t<\/div> \t\t\t\t<div class=\"elementor-element elementor-element-cb83707 elementor-align-center elementor-mobile-align-center elementor-widget elementor-widget-button\" data-id=\"cb83707\" data-element_type=\"widget\" data-e-type=\"widget\" data-widget_type=\"button.default\"> \t\t\t\t<div class=\"elementor-widget-container\"> \t\t\t\t\t\t\t\t\t<div class=\"elementor-button-wrapper\"> \t\t\t\t\t<a class=\"elementor-button elementor-button-link elementor-size-md\" href=\"https:\/\/mealwormmachine.com\/tr\/mealworm\/\"> \t\t\t\t\t\t<span class=\"elementor-button-content-wrapper\"> \t\t\t\t\t\t<span class=\"elementor-button-icon\"> \t\t\t\t<svg aria-hidden=\"true\" class=\"e-font-icon-svg e-fas-angle-double-right\" viewbox=\"0 0 448 512\" xmlns=\"http:\/\/www.w3.org\/2000\/svg\"><path d=\"M224.3 273l-136 136c-9.4 9.4-24.6 9.4-33.9 0l-22.6-22.6c-9.4-9.4-9.4-24.6 0-33.9l96.4-96.4-96.4-96.4c-9.4-9.4-9.4-24.6 0-33.9L54.3 103c9.4-9.4 24.6-9.4 33.9 0l136 136c9.5 9.4 9.5 24.6.1 34zm192-34l-136-136c-9.4-9.4-24.6-9.4-33.9 0l-22.6 22.6c-9.4 9.4-9.4 24.6 0 33.9l96.4 96.4-96.4 96.4c-9.4 9.4-9.4 24.6 0 33.9l22.6 22.6c9.4 9.4 24.6 9.4 33.9 0l136-136c9.4-9.2 9.4-24.4 0-33.8z\"><\/path><\/svg>\t\t\t<\/span> \t\t\t\t\t\t\t\t\t<span class=\"elementor-button-text\">Detaylar<\/span> \t\t\t\t\t<\/span> \t\t\t\t\t<\/a> \t\t\t\t<\/div> \t\t\t\t\t\t\t\t<\/div> \t\t\t\t<\/div> \t\t\t\t\t<\/div> \t\t\t\t<\/div> \t\t<div class=\"elementor-element elementor-element-10d74a1 e-flex e-con-boxed e-con e-parent\" data-id=\"10d74a1\" data-element_type=\"container\" data-e-type=\"container\"> \t\t\t\t\t<div class=\"e-con-inner\"> \t\t<div class=\"elementor-element elementor-element-d84285f e-con-full e-flex e-con e-child\" data-id=\"d84285f\" data-element_type=\"container\" data-e-type=\"container\"> \t\t\t\t<div class=\"elementor-element elementor-element-4fc62d0 elementor-widget elementor-widget-heading\" data-id=\"4fc62d0\" data-element_type=\"widget\" data-e-type=\"widget\" data-widget_type=\"heading.default\"> \t\t\t\t<div class=\"elementor-widget-container\"> \t\t\t\t\t<h3 class=\"elementor-heading-title elementor-size-default\">Unkurdu ay\u0131r\u0131c\u0131 makinesi nedir?<\/h3>\t\t\t\t<\/div> \t\t\t\t<\/div> \t\t\t\t<div class=\"elementor-element elementor-element-f17802c elementor-widget elementor-widget-text-editor\" data-id=\"f17802c\" data-element_type=\"widget\" data-e-type=\"widget\" data-widget_type=\"text-editor.default\"> \t\t\t\t<div class=\"elementor-widget-container\"> \t\t\t\t\t\t\t\t\t<p>Un kurdu ay\u0131r\u0131c\u0131 (solucan larva eleme makinesi), temiz un kurtlar\u0131n\u0131 solucan y\u0131\u011f\u0131nlar\u0131ndan ay\u0131rmak ve \u00f6l\u00fc ve hasarl\u0131 solucan\u0131, solucan derilerini, solucan d\u0131\u015fk\u0131lar\u0131n\u0131 ve di\u011fer kal\u0131nt\u0131lar\u0131 y\u00fcksek verimlilikle ay\u0131rmak i\u00e7in tasarlanm\u0131\u015ft\u0131r.<\/p>\t\t\t\t\t\t\t\t<\/div> \t\t\t\t<\/div> \t\t\t\t<div class=\"elementor-element elementor-element-7c8fff8 elementor-align-left elementor-mobile-align-center elementor-widget elementor-widget-button\" data-id=\"7c8fff8\" data-element_type=\"widget\" data-e-type=\"widget\" data-widget_type=\"button.default\"> \t\t\t\t<div class=\"elementor-widget-container\"> \t\t\t\t\t\t\t\t\t<div class=\"elementor-button-wrapper\"> \t\t\t\t\t<a class=\"elementor-button elementor-button-link elementor-size-md\" href=\"https:\/\/mealwormmachine.com\/tr\/mealworm-separating-machine-manufacturer\/\"> \t\t\t\t\t\t<span class=\"elementor-button-content-wrapper\"> \t\t\t\t\t\t<span class=\"elementor-button-icon\"> \t\t\t\t<svg aria-hidden=\"true\" class=\"e-font-icon-svg e-fas-angle-double-right\" viewbox=\"0 0 448 512\" xmlns=\"http:\/\/www.w3.org\/2000\/svg\"><path d=\"M224.3 273l-136 136c-9.4 9.4-24.6 9.4-33.9 0l-22.6-22.6c-9.4-9.4-9.4-24.6 0-33.9l96.4-96.4-96.4-96.4c-9.4-9.4-9.4-24.6 0-33.9L54.3 103c9.4-9.4 24.6-9.4 33.9 0l136 136c9.5 9.4 9.5 24.6.1 34zm192-34l-136-136c-9.4-9.4-24.6-9.4-33.9 0l-22.6 22.6c-9.4 9.4-9.4 24.6 0 33.9l96.4 96.4-96.4 96.4c-9.4 9.4-9.4 24.6 0 33.9l22.6 22.6c9.4 9.4 24.6 9.4 33.9 0l136-136c9.4-9.2 9.4-24.4 0-33.8z\"><\/path><\/svg>\t\t\t<\/span> \t\t\t\t\t\t\t\t\t<span class=\"elementor-button-text\">Shuliy un kurdu eleme makinesi<\/span> \t\t\t\t\t<\/span> \t\t\t\t\t<\/a> \t\t\t\t<\/div> \t\t\t\t\t\t\t\t<\/div> \t\t\t\t<\/div> \t\t\t\t<\/div> \t\t<div class=\"elementor-element elementor-element-9c13e11 e-con-full e-flex e-con e-child\" data-id=\"9c13e11\" data-element_type=\"container\" data-e-type=\"container\"> \t\t\t\t<div class=\"elementor-element elementor-element-e60bc02 elementor-widget elementor-widget-image\" data-id=\"e60bc02\" data-element_type=\"widget\" data-e-type=\"widget\" data-widget_type=\"image.default\"> \t\t\t\t<div class=\"elementor-widget-container\"> \t\t\t\t\t\t\t\t\t\t\t\t\t\t\t<img fetchpriority=\"high\" decoding=\"async\" width=\"720\" height=\"540\" src=\"https:\/\/mealwormmachine.com\/wp-content\/uploads\/2019\/12\/commercial-mealworm-separating-machine-for-sale.jpg\" class=\"attachment-full size-full wp-image-246\" alt=\"sat\u0131l\u0131k ticari un kurdu ay\u0131rma makinesi\" srcset=\"https:\/\/mealwormmachine.com\/wp-content\/uploads\/2019\/12\/commercial-mealworm-separating-machine-for-sale.jpg 720w, https:\/\/mealwormmachine.com\/wp-content\/uploads\/2019\/12\/commercial-mealworm-separating-machine-for-sale-300x225.jpg 300w\" sizes=\"(max-width: 720px) 100vw, 720px\" title=\"\">\t\t\t\t\t\t\t\t\t\t\t\t\t\t\t<\/div> \t\t\t\t<\/div> \t\t\t\t<\/div> \t\t\t\t\t<\/div> \t\t\t\t<\/div> \t\t<div class=\"elementor-element elementor-element-86806bf e-flex e-con-boxed e-con e-parent\" data-id=\"86806bf\" data-element_type=\"container\" data-e-type=\"container\"> \t\t\t\t\t<div class=\"e-con-inner\"> \t\t<div class=\"elementor-element elementor-element-bad055b e-con-full e-flex e-con e-child\" data-id=\"bad055b\" data-element_type=\"container\" data-e-type=\"container\"> \t\t\t\t<div class=\"elementor-element elementor-element-db7141c elementor-widget elementor-widget-image\" data-id=\"db7141c\" data-element_type=\"widget\" data-e-type=\"widget\" data-widget_type=\"image.default\"> \t\t\t\t<div class=\"elementor-widget-container\"> \t\t\t\t\t\t\t\t\t\t\t\t\t\t\t<img decoding=\"async\" width=\"720\" height=\"540\" src=\"https:\/\/mealwormmachine.com\/wp-content\/uploads\/2019\/12\/mealworm-sorting-machine-manufacturer.jpg\" class=\"attachment-full size-full wp-image-247\" alt=\"un kurdu ay\u0131klama makinesi \u00fcreticisi\" srcset=\"https:\/\/mealwormmachine.com\/wp-content\/uploads\/2019\/12\/mealworm-sorting-machine-manufacturer.jpg 720w, https:\/\/mealwormmachine.com\/wp-content\/uploads\/2019\/12\/mealworm-sorting-machine-manufacturer-300x225.jpg 300w\" sizes=\"(max-width: 720px) 100vw, 720px\" title=\"\">\t\t\t\t\t\t\t\t\t\t\t\t\t\t\t<\/div> \t\t\t\t<\/div> \t\t\t\t<\/div> \t\t<div class=\"elementor-element elementor-element-6789c40 e-con-full e-flex e-con e-child\" data-id=\"6789c40\" data-element_type=\"container\" data-e-type=\"container\"> \t\t\t\t<div class=\"elementor-element elementor-element-56a20bd elementor-widget elementor-widget-heading\" data-id=\"56a20bd\" data-element_type=\"widget\" data-e-type=\"widget\" data-widget_type=\"heading.default\"> \t\t\t\t<div class=\"elementor-widget-container\"> \t\t\t\t\t<h3 class=\"elementor-heading-title elementor-size-default\">Neden Shuliy un kurdu eleme makinelerini se\u00e7melisiniz?<\/h3>\t\t\t\t<\/div> \t\t\t\t<\/div> \t\t\t\t<div class=\"elementor-element elementor-element-453b30e elementor-widget elementor-widget-text-editor\" data-id=\"453b30e\" data-element_type=\"widget\" data-e-type=\"widget\" data-widget_type=\"text-editor.default\"> \t\t\t\t<div class=\"elementor-widget-container\"> \t\t\t\t\t\t\t\t\t<p>Un kurdu (Tenebrio Molitor) tar\u0131m ve i\u015fleme makinelerinin s\u00fcrekli ara\u015ft\u0131r\u0131lmas\u0131, yenilenmesi ve optimizasyonu ile eleme makineleri \u00fcretim teknolojimiz olgunla\u015ft\u0131. Un kurdu ay\u0131r\u0131c\u0131 makinemiz d\u00fcnyan\u0131n her yerindeki m\u00fc\u015fterilerden \u00f6vg\u00fc ald\u0131, yeti\u015ftirme end\u00fcstrisi i\u00e7in b\u00fcy\u00fck ekonomik faydalar sa\u011flad\u0131 ve kullan\u0131c\u0131lar\u0131n yerel ekonomik kalk\u0131nmas\u0131n\u0131 destekledi.<\/p>\t\t\t\t\t\t\t\t<\/div> \t\t\t\t<\/div> \t\t\t\t<div class=\"elementor-element elementor-element-a4175b6 elementor-align-left elementor-mobile-align-center elementor-widget elementor-widget-button\" data-id=\"a4175b6\" data-element_type=\"widget\" data-e-type=\"widget\" data-widget_type=\"button.default\"> \t\t\t\t<div class=\"elementor-widget-container\"> \t\t\t\t\t\t\t\t\t<div class=\"elementor-button-wrapper\"> \t\t\t\t\t<a class=\"elementor-button elementor-button-link elementor-size-md\" href=\"https:\/\/mealwormmachine.com\/tr\/about\/\"> \t\t\t\t\t\t<span class=\"elementor-button-content-wrapper\"> \t\t\t\t\t\t<span class=\"elementor-button-icon\"> \t\t\t\t<svg aria-hidden=\"true\" class=\"e-font-icon-svg e-fas-angle-double-right\" viewbox=\"0 0 448 512\" xmlns=\"http:\/\/www.w3.org\/2000\/svg\"><path d=\"M224.3 273l-136 136c-9.4 9.4-24.6 9.4-33.9 0l-22.6-22.6c-9.4-9.4-9.4-24.6 0-33.9l96.4-96.4-96.4-96.4c-9.4-9.4-9.4-24.6 0-33.9L54.3 103c9.4-9.4 24.6-9.4 33.9 0l136 136c9.5 9.4 9.5 24.6.1 34zm192-34l-136-136c-9.4-9.4-24.6-9.4-33.9 0l-22.6 22.6c-9.4 9.4-9.4 24.6 0 33.9l96.4 96.4-96.4 96.4c-9.4 9.4-9.4 24.6 0 33.9l22.6 22.6c9.4 9.4 24.6 9.4 33.9 0l136-136c9.4-9.2 9.4-24.4 0-33.8z\"><\/path><\/svg>\t\t\t<\/span> \t\t\t\t\t\t\t\t\t<span class=\"elementor-button-text\">Devam\u0131n\u0131 oku<\/span> \t\t\t\t\t<\/span> \t\t\t\t\t<\/a> \t\t\t\t<\/div> \t\t\t\t\t\t\t\t<\/div> \t\t\t\t<\/div> \t\t\t\t<\/div> \t\t\t\t\t<\/div> \t\t\t\t<\/div> \t\t<div class=\"elementor-element elementor-element-dac4b15 e-flex e-con-boxed e-con e-parent\" data-id=\"dac4b15\" data-element_type=\"container\" data-e-type=\"container\"> \t\t\t\t\t<div class=\"e-con-inner\"> \t\t<div class=\"elementor-element elementor-element-c58a439 e-con-full e-flex e-con e-child\" data-id=\"c58a439\" data-element_type=\"container\" data-e-type=\"container\"> \t\t\t\t<div class=\"elementor-element elementor-element-e79687f elementor-widget elementor-widget-heading\" data-id=\"e79687f\" data-element_type=\"widget\" data-e-type=\"widget\" data-widget_type=\"heading.default\"> \t\t\t\t<div class=\"elementor-widget-container\"> \t\t\t\t\t<h3 class=\"elementor-heading-title elementor-size-default\">Shuliy Makina Hakk\u0131nda<\/h3>\t\t\t\t<\/div> \t\t\t\t<\/div> \t\t\t\t<div class=\"elementor-element elementor-element-4d9baed elementor-widget elementor-widget-text-editor\" data-id=\"4d9baed\" data-element_type=\"widget\" data-e-type=\"widget\" data-widget_type=\"text-editor.default\"> \t\t\t\t<div class=\"elementor-widget-container\"> \t\t\t\t\t\t\t\t\t<p>Ticari solucan yeti\u015ftirme ve i\u015fleme ekipmanlar\u0131n\u0131n 10 y\u0131l\u0131 a\u015fk\u0131n \u00fcretim tecr\u00fcbesiyle Shuliy makineleri, Kanada, Bel\u00e7ika, Almanya, Avustralya, ABD, \u015eili, T\u00fcrkiye gibi yurt i\u00e7i ve yurt d\u0131\u015f\u0131ndaki \u00fclkelere binlerce yemek kurdu i\u015fleme makinesini desteklemektedir. M\u0131s\u0131r, Japonya, G\u00fcney Kore, Yeni Zelanda, Norve\u00e7, \u0130spanya vb.<\/p>\t\t\t\t\t\t\t\t<\/div> \t\t\t\t<\/div> \t\t\t\t<div class=\"elementor-element elementor-element-a50c061 elementor-align-left elementor-mobile-align-center elementor-widget elementor-widget-button\" data-id=\"a50c061\" data-element_type=\"widget\" data-e-type=\"widget\" data-widget_type=\"button.default\"> \t\t\t\t<div class=\"elementor-widget-container\"> \t\t\t\t\t\t\t\t\t<div class=\"elementor-button-wrapper\"> \t\t\t\t\t<a class=\"elementor-button elementor-button-link elementor-size-md\" href=\"https:\/\/mealwormmachine.com\/tr\/about\/\"> \t\t\t\t\t\t<span class=\"elementor-button-content-wrapper\"> \t\t\t\t\t\t<span class=\"elementor-button-icon\"> \t\t\t\t<svg aria-hidden=\"true\" class=\"e-font-icon-svg e-fas-angle-double-right\" viewbox=\"0 0 448 512\" xmlns=\"http:\/\/www.w3.org\/2000\/svg\"><path d=\"M224.3 273l-136 136c-9.4 9.4-24.6 9.4-33.9 0l-22.6-22.6c-9.4-9.4-9.4-24.6 0-33.9l96.4-96.4-96.4-96.4c-9.4-9.4-9.4-24.6 0-33.9L54.3 103c9.4-9.4 24.6-9.4 33.9 0l136 136c9.5 9.4 9.5 24.6.1 34zm192-34l-136-136c-9.4-9.4-24.6-9.4-33.9 0l-22.6 22.6c-9.4 9.4-9.4 24.6 0 33.9l96.4 96.4-96.4 96.4c-9.4 9.4-9.4 24.6 0 33.9l22.6 22.6c9.4 9.4 24.6 9.4 33.9 0l136-136c9.4-9.2 9.4-24.4 0-33.8z\"><\/path><\/svg>\t\t\t<\/span> \t\t\t\t\t\t\t\t\t<span class=\"elementor-button-text\">Shuliy hakk\u0131nda daha fazla bilgi<\/span> \t\t\t\t\t<\/span> \t\t\t\t\t<\/a> \t\t\t\t<\/div> \t\t\t\t\t\t\t\t<\/div> \t\t\t\t<\/div> \t\t\t\t<\/div> \t\t<div class=\"elementor-element elementor-element-d7825c1 e-con-full e-flex e-con e-child\" data-id=\"d7825c1\" data-element_type=\"container\" data-e-type=\"container\"> \t\t\t\t<div class=\"elementor-element elementor-element-8f46104 elementor-widget elementor-widget-image\" data-id=\"8f46104\" data-element_type=\"widget\" data-e-type=\"widget\" data-widget_type=\"image.default\"> \t\t\t\t<div class=\"elementor-widget-container\"> \t\t\t\t\t\t\t\t\t\t\t\t\t\t\t<img decoding=\"async\" width=\"750\" height=\"579\" src=\"https:\/\/mealwormmachine.com\/wp-content\/uploads\/2019\/12\/Shuliy-Company.jpg\" class=\"attachment-large size-large wp-image-182\" alt=\"Shuliy \u015eirketi\" srcset=\"https:\/\/mealwormmachine.com\/wp-content\/uploads\/2019\/12\/Shuliy-Company.jpg 750w, https:\/\/mealwormmachine.com\/wp-content\/uploads\/2019\/12\/Shuliy-Company-300x232.jpg 300w\" sizes=\"(max-width: 750px) 100vw, 750px\" title=\"\">\t\t\t\t\t\t\t\t\t\t\t\t\t\t\t<\/div> \t\t\t\t<\/div> \t\t\t\t<\/div> \t\t\t\t\t<\/div> \t\t\t\t<\/div> \t\t<div class=\"elementor-element elementor-element-6699c87 e-flex e-con-boxed e-con e-parent\" data-id=\"6699c87\" data-element_type=\"container\" data-e-type=\"container\" data-settings=\"{&quot;background_background&quot;:&quot;video&quot;,&quot;shape_divider_bottom&quot;:&quot;arrow&quot;,&quot;shape_divider_bottom_negative&quot;:&quot;yes&quot;}\"> \t\t\t\t\t<div class=\"e-con-inner\"> \t\t\t\t<div class=\"elementor-shape elementor-shape-bottom\" aria-hidden=\"true\" data-negative=\"true\"> \t\t\t<svg xmlns=\"http:\/\/www.w3.org\/2000\/svg\" viewbox=\"0 0 700 10\" preserveaspectratio=\"none\"> \t<path class=\"elementor-shape-fill\" d=\"M360 0L350 9.9 340 0 0 0 0 10 700 10 700 0\"\/> <\/svg>\t\t<\/div> \t\t<div class=\"elementor-element elementor-element-179361f e-con-full e-flex e-con e-child\" data-id=\"179361f\" data-element_type=\"container\" data-e-type=\"container\"> \t\t\t\t<div class=\"elementor-element elementor-element-57b4184 elementor-widget elementor-widget-heading\" data-id=\"57b4184\" data-element_type=\"widget\" data-e-type=\"widget\" data-widget_type=\"heading.default\"> \t\t\t\t<div class=\"elementor-widget-container\"> \t\t\t\t\t<h3 class=\"elementor-heading-title elementor-size-default\">En \u0130yi Un Kurdu Makinesi \u00c7al\u0131\u015fmas\u0131 videosu<\/h3>\t\t\t\t<\/div> \t\t\t\t<\/div> \t\t\t\t<div class=\"elementor-element elementor-element-d174332 elementor-widget elementor-widget-video\" data-id=\"d174332\" data-element_type=\"widget\" data-e-type=\"widget\" data-settings=\"{&quot;youtube_url&quot;:&quot;https:\\\/\\\/youtu.be\\\/AgUONw9oG64&quot;,&quot;video_type&quot;:&quot;youtube&quot;,&quot;controls&quot;:&quot;yes&quot;}\" data-widget_type=\"video.default\"> \t\t\t\t<div class=\"elementor-widget-container\"> \t\t\t\t\t\t\t<div class=\"elementor-wrapper elementor-open-inline\"> \t\t\t<div class=\"elementor-video\"><\/div>\t\t<\/div> \t\t\t\t\t\t<\/div> \t\t\t\t<\/div> \t\t\t\t<div class=\"elementor-element elementor-element-3311836 elementor-testimonial--skin-default elementor-testimonial--layout-image_inline elementor-testimonial--align-center elementor-arrows-yes elementor-pagination-type-bullets elementor-widget elementor-widget-testimonial-carousel\" data-id=\"3311836\" data-element_type=\"widget\" data-e-type=\"widget\" data-settings=\"{&quot;show_arrows&quot;:&quot;yes&quot;,&quot;pagination&quot;:&quot;bullets&quot;,&quot;speed&quot;:500,&quot;autoplay&quot;:&quot;yes&quot;,&quot;autoplay_speed&quot;:5000,&quot;loop&quot;:&quot;yes&quot;,&quot;pause_on_hover&quot;:&quot;yes&quot;,&quot;pause_on_interaction&quot;:&quot;yes&quot;,&quot;space_between&quot;:{&quot;unit&quot;:&quot;px&quot;,&quot;size&quot;:10,&quot;sizes&quot;:[]},&quot;space_between_tablet&quot;:{&quot;unit&quot;:&quot;px&quot;,&quot;size&quot;:10,&quot;sizes&quot;:[]},&quot;space_between_mobile&quot;:{&quot;unit&quot;:&quot;px&quot;,&quot;size&quot;:10,&quot;sizes&quot;:[]}}\" data-widget_type=\"testimonial-carousel.default\"> \t\t\t\t<div class=\"elementor-widget-container\"> \t\t\t\t\t\t\t\t\t<div class=\"elementor-swiper\"> \t\t\t\t\t<div class=\"elementor-main-swiper swiper\" role=\"region\" aria-roledescription=\"carousel\" aria-label=\"Slaytlar\"> \t\t\t\t<div class=\"swiper-wrapper\"> \t\t\t\t\t\t\t\t\t\t\t<div class=\"swiper-slide\" role=\"group\" aria-roledescription=\"slide\"> \t\t\t\t\t\t\t\t\t<div class=\"elementor-testimonial\"> \t\t\t\t\t\t\t<div class=\"elementor-testimonial__content\"> \t\t\t\t\t<div class=\"elementor-testimonial__text\"> \t\t\t\t\t\tHarika Shuliy makineleri, ay\u0131r\u0131c\u0131 kullan\u0131m\u0131na ayr\u0131nt\u0131l\u0131 rehberlik sa\u011flad\u0131\u011f\u0131n\u0131z i\u00e7in te\u015fekk\u00fcrler.\t\t\t\t\t<\/div> \t\t\t\t\t\t\t\t\t<\/div> \t\t\t\t\t\t<div class=\"elementor-testimonial__footer\"> \t\t\t\t\t\t\t\t\t<div class=\"elementor-testimonial__image\"> \t\t\t\t\t\t<img decoding=\"async\" src=\"https:\/\/mealwormmachine.com\/wp-content\/uploads\/2019\/12\/groomsman3.jpg\" alt=\"Mikael Dallaire\" title=\"\"> \t\t\t\t\t\t\t\t\t\t\t<\/div> \t\t\t\t\t\t\t\t<cite class=\"elementor-testimonial__cite\"><span class=\"elementor-testimonial__name\">Mikael Dallaire<\/span><span class=\"elementor-testimonial__title\">Un kurdu \u00e7ift\u00e7isi<\/span><\/cite>\t\t\t<\/div> \t\t<\/div> \t\t\t\t\t\t\t\t<\/div> \t\t\t\t\t\t\t\t\t\t\t<div class=\"swiper-slide\" role=\"group\" aria-roledescription=\"slide\"> \t\t\t\t\t\t\t\t\t<div class=\"elementor-testimonial\"> \t\t\t\t\t\t\t<div class=\"elementor-testimonial__content\"> \t\t\t\t\t<div class=\"elementor-testimonial__text\"> \t\t\t\t\t\tShuliy ile olan i\u015fbirli\u011fi \u00e7ok keyifli ve sat\u0131c\u0131lar\u0131 da olduk\u00e7a profesyonel.\t\t\t\t\t<\/div> \t\t\t\t\t\t\t\t\t<\/div> \t\t\t\t\t\t<div class=\"elementor-testimonial__footer\"> \t\t\t\t\t\t\t\t\t<div class=\"elementor-testimonial__image\"> \t\t\t\t\t\t<img decoding=\"async\" src=\"https:\/\/mealwormmachine.com\/wp-content\/uploads\/2019\/12\/y10.png\" alt=\"Michael Nguyen\" title=\"\"> \t\t\t\t\t\t\t\t\t\t\t<\/div> \t\t\t\t\t\t\t\t<cite class=\"elementor-testimonial__cite\"><span class=\"elementor-testimonial__name\">Michael Nguyen<\/span><span class=\"elementor-testimonial__title\">T\u00fcccarlar<\/span><\/cite>\t\t\t<\/div> \t\t<\/div> \t\t\t\t\t\t\t\t<\/div> \t\t\t\t\t\t\t\t\t\t\t<div class=\"swiper-slide\" role=\"group\" aria-roledescription=\"slide\"> \t\t\t\t\t\t\t\t\t<div class=\"elementor-testimonial\"> \t\t\t\t\t\t\t<div class=\"elementor-testimonial__content\"> \t\t\t\t\t<div class=\"elementor-testimonial__text\"> \t\t\t\t\t\tShuliy'den \u00e7ok say\u0131da solucan makinesi sipari\u015f edildi. \u0130\u015fletmeme b\u00fcy\u00fck karlar sa\u011flad\u0131lar.\t\t\t\t\t<\/div> \t\t\t\t\t\t\t\t\t<\/div> \t\t\t\t\t\t<div class=\"elementor-testimonial__footer\"> \t\t\t\t\t\t\t\t\t<div class=\"elementor-testimonial__image\"> \t\t\t\t\t\t<img decoding=\"async\" src=\"https:\/\/mealwormmachine.com\/wp-content\/uploads\/2019\/12\/mealworm-separator-buyer.jpg\" alt=\"John Leslie\" title=\"\"> \t\t\t\t\t\t\t\t\t\t\t<\/div> \t\t\t\t\t\t\t\t<cite class=\"elementor-testimonial__cite\"><span class=\"elementor-testimonial__name\">John Leslie<\/span><span class=\"elementor-testimonial__title\">Avustralya \u00e7ift\u00e7isi<\/span><\/cite>\t\t\t<\/div> \t\t<\/div> \t\t\t\t\t\t\t\t<\/div> \t\t\t\t\t\t\t\t\t<\/div> \t\t\t\t\t\t\t\t\t\t\t\t\t\t\t<div class=\"elementor-swiper-button elementor-swiper-button-prev\" role=\"button\" tabindex=\"0\" aria-label=\"\u00d6ncesi\"> \t\t\t\t\t\t\t<svg aria-hidden=\"true\" class=\"e-font-icon-svg e-eicon-chevron-left\" viewbox=\"0 0 1000 1000\" xmlns=\"http:\/\/www.w3.org\/2000\/svg\"><path d=\"M646 125C629 125 613 133 604 142L308 442C296 454 292 471 292 487 292 504 296 521 308 533L604 854C617 867 629 875 646 875 663 875 679 871 692 858 704 846 713 829 713 812 713 796 708 779 692 767L438 487 692 225C700 217 708 204 708 187 708 171 704 154 692 142 675 129 663 125 646 125Z\"><\/path><\/svg>\t\t\t\t\t\t<\/div> \t\t\t\t\t\t<div class=\"elementor-swiper-button elementor-swiper-button-next\" role=\"button\" tabindex=\"0\" aria-label=\"Sonraki\"> \t\t\t\t\t\t\t<svg aria-hidden=\"true\" class=\"e-font-icon-svg e-eicon-chevron-right\" viewbox=\"0 0 1000 1000\" xmlns=\"http:\/\/www.w3.org\/2000\/svg\"><path d=\"M696 533C708 521 713 504 713 487 713 471 708 454 696 446L400 146C388 133 375 125 354 125 338 125 325 129 313 142 300 154 292 171 292 187 292 204 296 221 308 233L563 492 304 771C292 783 288 800 288 817 288 833 296 850 308 863 321 871 338 875 354 875 371 875 388 867 400 854L696 533Z\"><\/path><\/svg>\t\t\t\t\t\t<\/div> \t\t\t\t\t\t\t\t\t\t\t\t\t\t\t\t<div class=\"swiper-pagination\"><\/div> \t\t\t\t\t\t\t\t\t\t\t\t<\/div> \t\t\t\t<\/div> \t\t\t\t\t\t\t\t<\/div> \t\t\t\t<\/div> \t\t\t\t<\/div> \t\t\t\t\t<\/div> \t\t\t\t<\/div> \t\t<div class=\"elementor-element elementor-element-69fd6d1 e-flex e-con-boxed e-con e-parent\" data-id=\"69fd6d1\" data-element_type=\"container\" data-e-type=\"container\" data-settings=\"{&quot;background_background&quot;:&quot;classic&quot;}\"> \t\t\t\t\t<div class=\"e-con-inner\"> \t\t\t\t<div class=\"elementor-element elementor-element-90f976e elementor-widget elementor-widget-heading\" data-id=\"90f976e\" data-element_type=\"widget\" data-e-type=\"widget\" data-widget_type=\"heading.default\"> \t\t\t\t<div class=\"elementor-widget-container\"> \t\t\t\t\t<h3 class=\"elementor-heading-title elementor-size-default\">\u0130yi bir Un Kurdu Ay\u0131r\u0131c\u0131, daha az\u0131yla daha fazlas\u0131n\u0131 yapman\u0131z\u0131 sa\u011flayabilir.<\/h3>\t\t\t\t<\/div> \t\t\t\t<\/div> \t\t\t\t<div class=\"elementor-element elementor-element-c93550f elementor-align-right elementor-mobile-align-center elementor-widget elementor-widget-button\" data-id=\"c93550f\" data-element_type=\"widget\" data-e-type=\"widget\" data-widget_type=\"button.default\"> \t\t\t\t<div class=\"elementor-widget-container\"> \t\t\t\t\t\t\t\t\t<div class=\"elementor-button-wrapper\"> \t\t\t\t\t<a class=\"elementor-button elementor-button-link elementor-size-lg\" href=\"https:\/\/mealwormmachine.com\/tr\/cs\/\"> \t\t\t\t\t\t<span class=\"elementor-button-content-wrapper\"> \t\t\t\t\t\t<span class=\"elementor-button-icon\"> \t\t\t\t<svg aria-hidden=\"true\" class=\"e-font-icon-svg e-fas-angle-double-right\" viewbox=\"0 0 448 512\" xmlns=\"http:\/\/www.w3.org\/2000\/svg\"><path d=\"M224.3 273l-136 136c-9.4 9.4-24.6 9.4-33.9 0l-22.6-22.6c-9.4-9.4-9.4-24.6 0-33.9l96.4-96.4-96.4-96.4c-9.4-9.4-9.4-24.6 0-33.9L54.3 103c9.4-9.4 24.6-9.4 33.9 0l136 136c9.5 9.4 9.5 24.6.1 34zm192-34l-136-136c-9.4-9.4-24.6-9.4-33.9 0l-22.6 22.6c-9.4 9.4-9.4 24.6 0 33.9l96.4 96.4-96.4 96.4c-9.4 9.4-9.4 24.6 0 33.9l22.6 22.6c9.4 9.4 24.6 9.4 33.9 0l136-136c9.4-9.2 9.4-24.4 0-33.8z\"><\/path><\/svg>\t\t\t<\/span> \t\t\t\t\t\t\t\t\t<span class=\"elementor-button-text\">Bize Ula\u015f\u0131n<\/span> \t\t\t\t\t<\/span> \t\t\t\t\t<\/a> \t\t\t\t<\/div> \t\t\t\t\t\t\t\t<\/div> \t\t\t\t<\/div> \t\t\t\t\t<\/div> \t\t\t\t<\/div> \t\t\t\t<\/div>","protected":false},"excerpt":{"rendered":"<p>Professional Mealworm Processing Machine Manufacturer and Supplier Practical Equipment For Commodity Worm Breeders Details What is the mealworm separator machine? Mealworm separator(worm larvae screening machine) is designed for sorting out the clean mealworms from the bulks of worms and separating the dead and damaged worm, worm skins, worm droppings and other debris with high efficiency. [&hellip;]<\/p>\n","protected":false},"author":1,"featured_media":0,"parent":0,"menu_order":0,"comment_status":"closed","ping_status":"open","template":"elementor_header_footer","meta":{"footnotes":""},"class_list":["post-2","page","type-page","status-publish","hentry"],"_links":{"self":[{"href":"https:\/\/mealwormmachine.com\/tr\/wp-json\/wp\/v2\/pages\/2","targetHints":{"allow":["GET"]}}],"collection":[{"href":"https:\/\/mealwormmachine.com\/tr\/wp-json\/wp\/v2\/pages"}],"about":[{"href":"https:\/\/mealwormmachine.com\/tr\/wp-json\/wp\/v2\/types\/page"}],"author":[{"embeddable":true,"href":"https:\/\/mealwormmachine.com\/tr\/wp-json\/wp\/v2\/users\/1"}],"replies":[{"embeddable":true,"href":"https:\/\/mealwormmachine.com\/tr\/wp-json\/wp\/v2\/comments?post=2"}],"version-history":[{"count":0,"href":"https:\/\/mealwormmachine.com\/tr\/wp-json\/wp\/v2\/pages\/2\/revisions"}],"wp:attachment":[{"href":"https:\/\/mealwormmachine.com\/tr\/wp-json\/wp\/v2\/media?parent=2"}],"curies":[{"name":"wp","href":"https:\/\/api.w.org\/{rel}","templated":true}]}}